{"id":11865,"date":"2023-01-06T15:19:46","date_gmt":"2023-01-06T14:19:46","guid":{"rendered":"https:\/\/farmermobil.com\/novinky\/"},"modified":"2023-05-10T15:40:14","modified_gmt":"2023-05-10T14:40:14","slug":"novinky","status":"publish","type":"page","link":"https:\/\/farmermobil.com\/sk\/novinky\/","title":{"rendered":"Novinky"},"content":{"rendered":"\t\t<div data-elementor-type=\"wp-page\" data-elementor-id=\"11865\" class=\"elementor elementor-11865 elementor-661\" data-elementor-post-type=\"page\">\n\t\t\t\t\t\t<section class=\"elementor-section elementor-top-section elementor-element elementor-element-51ecf30 elementor-section-height-min-height elementor-section-boxed elementor-section-height-default elementor-section-items-middle\" data-id=\"51ecf30\" data-element_type=\"section\" data-e-type=\"section\" data-settings=\"{&quot;background_background&quot;:&quot;classic&quot;}\">\n\t\t\t\t\t\t<div class=\"elementor-container elementor-column-gap-default\">\n\t\t\t\t\t<div class=\"elementor-column elementor-col-100 elementor-top-column elementor-element elementor-element-761970c\" data-id=\"761970c\" data-element_type=\"column\" data-e-type=\"column\">\n\t\t\t<div class=\"elementor-widget-wrap\">\n\t\t\t\t\t\t\t<\/div>\n\t\t<\/div>\n\t\t\t\t\t<\/div>\n\t\t<\/section>\n\t\t\t\t<section class=\"elementor-section elementor-top-section elementor-element elementor-element-b9c274f elementor-section-height-min-height elementor-section-boxed elementor-section-height-default elementor-section-items-middle\" data-id=\"b9c274f\" data-element_type=\"section\" data-e-type=\"section\" data-settings=\"{&quot;background_background&quot;:&quot;classic&quot;,&quot;shape_divider_bottom&quot;:&quot;tilt&quot;}\">\n\t\t\t\t\t<div class=\"elementor-shape elementor-shape-bottom\" aria-hidden=\"true\" data-negative=\"false\">\n\t\t\t<svg xmlns=\"http:\/\/www.w3.org\/2000\/svg\" viewBox=\"0 0 1000 100\" preserveAspectRatio=\"none\">\n\t<path class=\"elementor-shape-fill\" d=\"M0,6V0h1000v100L0,6z\"\/>\n<\/svg>\t\t<\/div>\n\t\t\t\t\t<div class=\"elementor-container elementor-column-gap-default\">\n\t\t\t\t\t<div class=\"elementor-column elementor-col-100 elementor-top-column elementor-element elementor-element-69a4129\" data-id=\"69a4129\" data-element_type=\"column\" data-e-type=\"column\" data-settings=\"{&quot;background_background&quot;:&quot;classic&quot;}\">\n\t\t\t<div class=\"elementor-widget-wrap elementor-element-populated\">\n\t\t\t\t\t\t<div class=\"elementor-element elementor-element-99dc16e elementor-widget elementor-widget-heading\" data-id=\"99dc16e\" data-element_type=\"widget\" data-e-type=\"widget\" data-widget_type=\"heading.default\">\n\t\t\t\t<div class=\"elementor-widget-container\">\n\t\t\t\t\t<h1 class=\"elementor-heading-title elementor-size-default\">Novinky<\/h1>\t\t\t\t<\/div>\n\t\t\t\t<\/div>\n\t\t\t\t\t<\/div>\n\t\t<\/div>\n\t\t\t\t\t<\/div>\n\t\t<\/section>\n\t\t\t\t<section class=\"elementor-section elementor-top-section elementor-element elementor-element-1d8f7f8 elementor-section-boxed elementor-section-height-default elementor-section-height-default elementor-invisible\" data-id=\"1d8f7f8\" data-element_type=\"section\" data-e-type=\"section\" data-settings=\"{&quot;animation&quot;:&quot;fadeInUp&quot;}\">\n\t\t\t\t\t\t<div class=\"elementor-container elementor-column-gap-default\">\n\t\t\t\t\t<div class=\"elementor-column elementor-col-100 elementor-top-column elementor-element elementor-element-5f9813a\" data-id=\"5f9813a\" data-element_type=\"column\" data-e-type=\"column\">\n\t\t\t<div class=\"elementor-widget-wrap elementor-element-populated\">\n\t\t\t\t\t\t<div class=\"elementor-element elementor-element-5a7b50b elementor-invisible elementor-widget elementor-widget-heading\" data-id=\"5a7b50b\" data-element_type=\"widget\" data-e-type=\"widget\" data-settings=\"{&quot;_animation&quot;:&quot;fadeInDown&quot;}\" data-widget_type=\"heading.default\">\n\t\t\t\t<div class=\"elementor-widget-container\">\n\t\t\t\t\t<h1 class=\"elementor-heading-title elementor-size-default\">Zv\u00fdraznenie<\/h1>\t\t\t\t<\/div>\n\t\t\t\t<\/div>\n\t\t\t\t<div class=\"elementor-element elementor-element-fafeb68 elementor-grid-1 elementor-grid-tablet-1 elementor-grid-mobile-1 elementor-posts--thumbnail-top elementor-card-shadow-yes elementor-posts__hover-gradient elementor-invisible elementor-widget elementor-widget-posts\" data-id=\"fafeb68\" data-element_type=\"widget\" data-e-type=\"widget\" data-settings=\"{&quot;cards_row_gap&quot;:{&quot;unit&quot;:&quot;px&quot;,&quot;size&quot;:50,&quot;sizes&quot;:[]},&quot;cards_row_gap_mobile&quot;:{&quot;unit&quot;:&quot;px&quot;,&quot;size&quot;:35,&quot;sizes&quot;:[]},&quot;cards_columns&quot;:&quot;1&quot;,&quot;cards_columns_tablet&quot;:&quot;1&quot;,&quot;_animation&quot;:&quot;fadeInDown&quot;,&quot;cards_columns_mobile&quot;:&quot;1&quot;,&quot;cards_row_gap_tablet&quot;:{&quot;unit&quot;:&quot;px&quot;,&quot;size&quot;:&quot;&quot;,&quot;sizes&quot;:[]}}\" data-widget_type=\"posts.cards\">\n\t\t\t\t<div class=\"elementor-widget-container\">\n\t\t\t\t\t\t\t<div class=\"elementor-posts-container elementor-posts elementor-posts--skin-cards elementor-grid\" role=\"list\">\n\t\t\t\t<article class=\"elementor-post elementor-grid-item post-11747 post type-post status-publish format-standard has-post-thumbnail hentry category-aktuelles category-novinky\" role=\"listitem\">\n\t\t\t<div class=\"elementor-post__card\">\n\t\t\t\t<a class=\"elementor-post__thumbnail__link\" href=\"https:\/\/farmermobil.com\/sk\/obchodny-partner\/\" tabindex=\"-1\" ><div class=\"elementor-post__thumbnail\"><img fetchpriority=\"high\" decoding=\"async\" width=\"1536\" height=\"1024\" src=\"https:\/\/farmermobil.com\/wp-content\/uploads\/2023\/05\/farmermobil_Slowakei_Handelspartner-1536x1024.jpg\" class=\"attachment-1536x1536 size-1536x1536 wp-image-11752\" alt=\"\" srcset=\"https:\/\/farmermobil.com\/wp-content\/uploads\/2023\/05\/farmermobil_Slowakei_Handelspartner-1536x1024.jpg 1536w, https:\/\/farmermobil.com\/wp-content\/uploads\/2023\/05\/farmermobil_Slowakei_Handelspartner-300x200.jpg 300w, https:\/\/farmermobil.com\/wp-content\/uploads\/2023\/05\/farmermobil_Slowakei_Handelspartner-1024x683.jpg 1024w, https:\/\/farmermobil.com\/wp-content\/uploads\/2023\/05\/farmermobil_Slowakei_Handelspartner-768x512.jpg 768w, https:\/\/farmermobil.com\/wp-content\/uploads\/2023\/05\/farmermobil_Slowakei_Handelspartner-2048x1365.jpg 2048w\" sizes=\"(max-width: 1536px) 100vw, 1536px\" \/><\/div><\/a>\n\t\t\t\t<div class=\"elementor-post__text\">\n\t\t\t\t<h3 class=\"elementor-post__title\">\n\t\t\t<a href=\"https:\/\/farmermobil.com\/sk\/obchodny-partner\/\" >\n\t\t\t\tObchodn\u00fd partner\t\t\t<\/a>\n\t\t<\/h3>\n\t\t\t\t<div class=\"elementor-post__excerpt\">\n\t\t\t<p>ROZ\u0160IRUJEME N\u00c1\u0160 ODBORN\u00dd T\u00cdM! MOBILN\u00c9 KUR\u00cdNY NA SLOVENSKU farmermobil GmbH z\u00edskal na Slovensku kvalitn\u00fdch obchodn\u00fdch partnerov a pokra\u010duje tak v expanzii na trhy E\u00da Sme radi, \u017ee sa n\u00e1m za\u010diatkom roka 2023 podarilo nadviaza\u0165 spolupr\u00e1cu<\/p>\n\t\t<\/div>\n\t\t\n\t\t<a class=\"elementor-post__read-more\" href=\"https:\/\/farmermobil.com\/sk\/obchodny-partner\/\" aria-label=\"Read more about Obchodn\u00fd partner\" tabindex=\"-1\" >\n\t\t\tPre\u010d\u00edtajte si viac\t\t<\/a>\n\n\t\t\t\t<\/div>\n\t\t\t\t\t<\/div>\n\t\t<\/article>\n\t\t\t\t<\/div>\n\t\t\n\t\t\t\t\t\t<\/div>\n\t\t\t\t<\/div>\n\t\t\t\t\t<\/div>\n\t\t<\/div>\n\t\t\t\t\t<\/div>\n\t\t<\/section>\n\t\t\t\t<section class=\"elementor-section elementor-top-section elementor-element elementor-element-68f965c elementor-section-boxed elementor-section-height-default elementor-section-height-default\" data-id=\"68f965c\" data-element_type=\"section\" data-e-type=\"section\">\n\t\t\t\t\t\t<div class=\"elementor-container elementor-column-gap-default\">\n\t\t\t\t\t<div class=\"elementor-column elementor-col-100 elementor-top-column elementor-element elementor-element-58f733e\" data-id=\"58f733e\" data-element_type=\"column\" data-e-type=\"column\">\n\t\t\t<div class=\"elementor-widget-wrap\">\n\t\t\t\t\t\t\t<\/div>\n\t\t<\/div>\n\t\t\t\t\t<\/div>\n\t\t<\/section>\n\t\t\t\t<\/div>\n\t\t","protected":false},"excerpt":{"rendered":"<p>Novinky Zv\u00fdraznenie<\/p>\n","protected":false},"author":7,"featured_media":0,"parent":0,"menu_order":0,"comment_status":"closed","ping_status":"closed","template":"","meta":{"_acf_changed":false,"content-type":"","footnotes":""},"class_list":["post-11865","page","type-page","status-publish","hentry"],"acf":[],"yoast_head":"<!-- This site is optimized with the Yoast SEO Premium plugin v26.3 (Yoast SEO v26.3) - https:\/\/yoast.com\/wordpress\/plugins\/seo\/ -->\n<title>Novinky - farmermobil GmbH<\/title>\n<meta name=\"description\" content=\"Wissen rundum mobile Bio-H\u00fchnerst\u00e4lle f\u00fcr Ihren Bedarf: Lesen Sie jetzt in unserem Blog \u00fcber Neuerungen und Aktionen, die Sie nicht verpassen d\u00fcrfen. Ebenfalls geben wir regelm\u00e4\u00dfig einen Einblick in die mobile H\u00fchnerhaltung unserer Kunden.\" \/>\n<meta name=\"robots\" content=\"index, follow, max-snippet:-1, max-image-preview:large, max-video-preview:-1\" \/>\n<link rel=\"canonical\" href=\"https:\/\/farmermobil.com\/sk\/novinky\/\" \/>\n<meta property=\"og:locale\" content=\"sk_SK\" \/>\n<meta property=\"og:type\" content=\"article\" \/>\n<meta property=\"og:title\" content=\"Novinky\" \/>\n<meta property=\"og:description\" content=\"Wissen rundum mobile Bio-H\u00fchnerst\u00e4lle f\u00fcr Ihren Bedarf: Lesen Sie jetzt in unserem Blog \u00fcber Neuerungen und Aktionen, die Sie nicht verpassen d\u00fcrfen. Ebenfalls geben wir regelm\u00e4\u00dfig einen Einblick in die mobile H\u00fchnerhaltung unserer Kunden.\" \/>\n<meta property=\"og:url\" content=\"https:\/\/farmermobil.com\/sk\/novinky\/\" \/>\n<meta property=\"og:site_name\" content=\"farmermobil GmbH\" \/>\n<meta property=\"article:publisher\" content=\"https:\/\/facebook.com\/farmermobil\" \/>\n<meta property=\"article:modified_time\" content=\"2023-05-10T14:40:14+00:00\" \/>\n<meta property=\"og:image\" content=\"https:\/\/farmermobil.com\/wp-content\/uploads\/2023\/01\/farmermobil-standort-laer-pylon-1.jpeg\" \/>\n\t<meta property=\"og:image:width\" content=\"2000\" \/>\n\t<meta property=\"og:image:height\" content=\"1334\" \/>\n\t<meta property=\"og:image:type\" content=\"image\/jpeg\" \/>\n<meta name=\"twitter:card\" content=\"summary_large_image\" \/>\n<meta name=\"twitter:label1\" content=\"Predpokladan\u00fd \u010das \u010d\u00edtania\" \/>\n\t<meta name=\"twitter:data1\" content=\"1 min\u00fata\" \/>\n<script type=\"application\/ld+json\" class=\"yoast-schema-graph\">{\"@context\":\"https:\/\/schema.org\",\"@graph\":[{\"@type\":\"WebPage\",\"@id\":\"https:\/\/farmermobil.com\/sk\/novinky\/\",\"url\":\"https:\/\/farmermobil.com\/sk\/novinky\/\",\"name\":\"Novinky - farmermobil GmbH\",\"isPartOf\":{\"@id\":\"https:\/\/farmermobil.com\/#website\"},\"datePublished\":\"2023-01-06T14:19:46+00:00\",\"dateModified\":\"2023-05-10T14:40:14+00:00\",\"description\":\"Wissen rundum mobile Bio-H\u00fchnerst\u00e4lle f\u00fcr Ihren Bedarf: Lesen Sie jetzt in unserem Blog \u00fcber Neuerungen und Aktionen, die Sie nicht verpassen d\u00fcrfen. Ebenfalls geben wir regelm\u00e4\u00dfig einen Einblick in die mobile H\u00fchnerhaltung unserer Kunden.\",\"breadcrumb\":{\"@id\":\"https:\/\/farmermobil.com\/sk\/novinky\/#breadcrumb\"},\"inLanguage\":\"sk-SK\",\"potentialAction\":[{\"@type\":\"ReadAction\",\"target\":[\"https:\/\/farmermobil.com\/sk\/novinky\/\"]}]},{\"@type\":\"BreadcrumbList\",\"@id\":\"https:\/\/farmermobil.com\/sk\/novinky\/#breadcrumb\",\"itemListElement\":[{\"@type\":\"ListItem\",\"position\":1,\"name\":\"Startseite\",\"item\":\"https:\/\/farmermobil.com\/sk\/\"},{\"@type\":\"ListItem\",\"position\":2,\"name\":\"Novinky\"}]},{\"@type\":\"WebSite\",\"@id\":\"https:\/\/farmermobil.com\/#website\",\"url\":\"https:\/\/farmermobil.com\/\",\"name\":\"farmermobil GmbH\",\"description\":\"farmermobil DER Mobilstall\",\"publisher\":{\"@id\":\"https:\/\/farmermobil.com\/#organization\"},\"alternateName\":\"Mobilstall\",\"potentialAction\":[{\"@type\":\"SearchAction\",\"target\":{\"@type\":\"EntryPoint\",\"urlTemplate\":\"https:\/\/farmermobil.com\/?s={search_term_string}\"},\"query-input\":{\"@type\":\"PropertyValueSpecification\",\"valueRequired\":true,\"valueName\":\"search_term_string\"}}],\"inLanguage\":\"sk-SK\"},{\"@type\":\"Organization\",\"@id\":\"https:\/\/farmermobil.com\/#organization\",\"name\":\"farmermobil GmbH\",\"url\":\"https:\/\/farmermobil.com\/\",\"logo\":{\"@type\":\"ImageObject\",\"inLanguage\":\"sk-SK\",\"@id\":\"https:\/\/farmermobil.com\/#\/schema\/logo\/image\/\",\"url\":\"https:\/\/farmermobil.com\/wp-content\/uploads\/2023\/05\/farmermobil-knallrot-ohne-huhn-ubereinander-1-e1683558691453.png\",\"contentUrl\":\"https:\/\/farmermobil.com\/wp-content\/uploads\/2023\/05\/farmermobil-knallrot-ohne-huhn-ubereinander-1-e1683558691453.png\",\"width\":696,\"height\":696,\"caption\":\"farmermobil GmbH\"},\"image\":{\"@id\":\"https:\/\/farmermobil.com\/#\/schema\/logo\/image\/\"},\"sameAs\":[\"https:\/\/facebook.com\/farmermobil\",\"https:\/\/instagram.com\/farmermobil\"]}]}<\/script>\n<!-- \/ Yoast SEO Premium plugin. -->","yoast_head_json":{"title":"Novinky - farmermobil GmbH","description":"Wissen rundum mobile Bio-H\u00fchnerst\u00e4lle f\u00fcr Ihren Bedarf: Lesen Sie jetzt in unserem Blog \u00fcber Neuerungen und Aktionen, die Sie nicht verpassen d\u00fcrfen. Ebenfalls geben wir regelm\u00e4\u00dfig einen Einblick in die mobile H\u00fchnerhaltung unserer Kunden.","robots":{"index":"index","follow":"follow","max-snippet":"max-snippet:-1","max-image-preview":"max-image-preview:large","max-video-preview":"max-video-preview:-1"},"canonical":"https:\/\/farmermobil.com\/sk\/novinky\/","og_locale":"sk_SK","og_type":"article","og_title":"Novinky","og_description":"Wissen rundum mobile Bio-H\u00fchnerst\u00e4lle f\u00fcr Ihren Bedarf: Lesen Sie jetzt in unserem Blog \u00fcber Neuerungen und Aktionen, die Sie nicht verpassen d\u00fcrfen. Ebenfalls geben wir regelm\u00e4\u00dfig einen Einblick in die mobile H\u00fchnerhaltung unserer Kunden.","og_url":"https:\/\/farmermobil.com\/sk\/novinky\/","og_site_name":"farmermobil GmbH","article_publisher":"https:\/\/facebook.com\/farmermobil","article_modified_time":"2023-05-10T14:40:14+00:00","og_image":[{"width":2000,"height":1334,"url":"https:\/\/farmermobil.com\/wp-content\/uploads\/2023\/01\/farmermobil-standort-laer-pylon-1.jpeg","type":"image\/jpeg"}],"twitter_card":"summary_large_image","twitter_misc":{"Predpokladan\u00fd \u010das \u010d\u00edtania":"1 min\u00fata"},"schema":{"@context":"https:\/\/schema.org","@graph":[{"@type":"WebPage","@id":"https:\/\/farmermobil.com\/sk\/novinky\/","url":"https:\/\/farmermobil.com\/sk\/novinky\/","name":"Novinky - farmermobil GmbH","isPartOf":{"@id":"https:\/\/farmermobil.com\/#website"},"datePublished":"2023-01-06T14:19:46+00:00","dateModified":"2023-05-10T14:40:14+00:00","description":"Wissen rundum mobile Bio-H\u00fchnerst\u00e4lle f\u00fcr Ihren Bedarf: Lesen Sie jetzt in unserem Blog \u00fcber Neuerungen und Aktionen, die Sie nicht verpassen d\u00fcrfen. Ebenfalls geben wir regelm\u00e4\u00dfig einen Einblick in die mobile H\u00fchnerhaltung unserer Kunden.","breadcrumb":{"@id":"https:\/\/farmermobil.com\/sk\/novinky\/#breadcrumb"},"inLanguage":"sk-SK","potentialAction":[{"@type":"ReadAction","target":["https:\/\/farmermobil.com\/sk\/novinky\/"]}]},{"@type":"BreadcrumbList","@id":"https:\/\/farmermobil.com\/sk\/novinky\/#breadcrumb","itemListElement":[{"@type":"ListItem","position":1,"name":"Startseite","item":"https:\/\/farmermobil.com\/sk\/"},{"@type":"ListItem","position":2,"name":"Novinky"}]},{"@type":"WebSite","@id":"https:\/\/farmermobil.com\/#website","url":"https:\/\/farmermobil.com\/","name":"farmermobil GmbH","description":"farmermobil DER Mobilstall","publisher":{"@id":"https:\/\/farmermobil.com\/#organization"},"alternateName":"Mobilstall","potentialAction":[{"@type":"SearchAction","target":{"@type":"EntryPoint","urlTemplate":"https:\/\/farmermobil.com\/?s={search_term_string}"},"query-input":{"@type":"PropertyValueSpecification","valueRequired":true,"valueName":"search_term_string"}}],"inLanguage":"sk-SK"},{"@type":"Organization","@id":"https:\/\/farmermobil.com\/#organization","name":"farmermobil GmbH","url":"https:\/\/farmermobil.com\/","logo":{"@type":"ImageObject","inLanguage":"sk-SK","@id":"https:\/\/farmermobil.com\/#\/schema\/logo\/image\/","url":"https:\/\/farmermobil.com\/wp-content\/uploads\/2023\/05\/farmermobil-knallrot-ohne-huhn-ubereinander-1-e1683558691453.png","contentUrl":"https:\/\/farmermobil.com\/wp-content\/uploads\/2023\/05\/farmermobil-knallrot-ohne-huhn-ubereinander-1-e1683558691453.png","width":696,"height":696,"caption":"farmermobil GmbH"},"image":{"@id":"https:\/\/farmermobil.com\/#\/schema\/logo\/image\/"},"sameAs":["https:\/\/facebook.com\/farmermobil","https:\/\/instagram.com\/farmermobil"]}]}},"_links":{"self":[{"href":"https:\/\/farmermobil.com\/sk\/wp-json\/wp\/v2\/pages\/11865","targetHints":{"allow":["GET"]}}],"collection":[{"href":"https:\/\/farmermobil.com\/sk\/wp-json\/wp\/v2\/pages"}],"about":[{"href":"https:\/\/farmermobil.com\/sk\/wp-json\/wp\/v2\/types\/page"}],"author":[{"embeddable":true,"href":"https:\/\/farmermobil.com\/sk\/wp-json\/wp\/v2\/users\/7"}],"replies":[{"embeddable":true,"href":"https:\/\/farmermobil.com\/sk\/wp-json\/wp\/v2\/comments?post=11865"}],"version-history":[{"count":10,"href":"https:\/\/farmermobil.com\/sk\/wp-json\/wp\/v2\/pages\/11865\/revisions"}],"predecessor-version":[{"id":11890,"href":"https:\/\/farmermobil.com\/sk\/wp-json\/wp\/v2\/pages\/11865\/revisions\/11890"}],"wp:attachment":[{"href":"https:\/\/farmermobil.com\/sk\/wp-json\/wp\/v2\/media?parent=11865"}],"curies":[{"name":"wp","href":"https:\/\/api.w.org\/{rel}","templated":true}]}}